{"id":18,"date":"2019-05-12T08:27:28","date_gmt":"2019-05-12T08:27:28","guid":{"rendered":"http:\/\/mythos-im-meer.de\/?page_id=18"},"modified":"2020-06-08T14:40:59","modified_gmt":"2020-06-08T14:40:59","slug":"impressum-datenschutz","status":"publish","type":"page","link":"https:\/\/mythos-im-meer.de\/?page_id=18","title":{"rendered":"Impressum \/ Datenschutz"},"content":{"rendered":"\n<p>Oppermann &amp; Bohde GbR<\/p>\n\n\n\n<p>L\u00f6jaer Berg 44<\/p>\n\n\n\n<p>23715 Bosau<\/p>\n\n\n\n<h4>Haftung f\u00fcr Inhalte<\/h4>\n\n\n\n<p>Als Diensteanbieter sind wir gem\u00e4\u00df \u00a7 7 Abs. 1 TMG f\u00fcr eigene Inhalte auf diesen Seiten nach den allgemeinen Gesetzen verantwortlich. Nach \u00a7\u00a7 8 bis 10 TMG sind wir als Diensteanbieter jedoch nicht verpflichtet, \u00fcbermittelte oder gespeicherte fremde Informationen zu \u00fcberwachen oder nach Umst\u00e4nden zu forschen, die auf eine rechtswidrige T\u00e4tigkeit hinweisen. Verpflichtungen zur Entfernung oder Sperrung der Nutzung von Informationen nach den allgemeinen Gesetzen bleiben hiervon unber\u00fchrt. Eine diesbez\u00fcgliche Haftung ist jedoch erst ab dem Zeitpunkt der Kenntnis einer konkreten Rechtsverletzung m\u00f6glich. Bei Bekanntwerden von entsprechenden Rechtsverletzungen werden wir diese Inhalte umgehend entfernen.<\/p>\n\n\n\n<h4>Haftung f\u00fcr Links<\/h4>\n\n\n\n<p>Dieses Angebot enth\u00e4lt Links zu externen Webseiten Dritter, auf deren Inhalte wir keinen Einfluss habe. Deshalb k\u00f6nnen wir f\u00fcr diese fremden Inhalte auch keine Gew\u00e4hr \u00fcbernehmen. F\u00fcr die Inhalte der verlinkten Seiten ist stets der jeweilige Anbieter oder Betreiber der Seiten verantwortlich. Die verlinkten Seiten wurden zum Zeitpunkt der Verlinkung auf m\u00f6gliche Rechtsverst\u00f6\u00dfe \u00fcberpr\u00fcft. Rechtswidrige Inhalte waren zum Zeitpunkt der Verlinkung nicht erkennbar. Eine permanente inhaltliche Kontrolle der verlinkten Seiten ist jedoch ohne konkrete Anhaltspunkte einer Rechtsverletzung nicht zumutbar. Bei Bekanntwerden von Rechtsverletzungen werden wir derartige Links umgehend entfernen.<\/p>\n\n\n\n<h4>Urheberrecht<\/h4>\n\n\n\n<p>Die Inhalte und Werke auf diesen Seiten unterliegen dem deutschen Urheberrecht. Die Vervielf\u00e4ltigung, Bearbeitung, Verbreitung und jede Art der Verwertung au\u00dferhalb der Grenzen des Urheberrechtes bed\u00fcrfen der schriftlichen Zustimmung der Autoren bzw. Ersteller. Downloads und Kopien dieser Seite sind nur f\u00fcr den privaten, nicht kommerziellen Gebrauch gestattet. Sollten Sie auf eine Urheberrechtsverletzung aufmerksam werden, bitten wir um einen entsprechenden Hinweis.<\/p>\n\n\n\n<h4>Datenschutz<\/h4>\n\n\n\n<p>Diese Datenschutzerkl\u00e4rung kl\u00e4rt Sie \u00fcber die Art, den Umfang und Zweck der Verarbeitung von personenbezogenen Daten innerhalb unseres Onlineangebotes und der mit ihm verbundenen Webseiten, Funktionen und Inhalte sowie externen Onlinepr\u00e4senzen, wie z. B. unser Social Media Profile auf.<\/p>\n\n\n\n<p>Wir nehmen den Schutz pers\u00f6nlicher Daten sehr ernst. Daher behandeln wir personenbezogene Daten vertraulich und entsprechend der gesetzlichen Datenschutzvorschriften sowie dieser Datenschutzerkl\u00e4rung. Die Nutzung dieser Internetseite ist grunds\u00e4tzlich ohne Angabe personenbezogener Daten m\u00f6glich.<\/p>\n\n\n\n<p>Soweit personenbezogene Daten erhoben werden (zum Beispiel bei der Bestellung der DVD), erfolgt dies, soweit m\u00f6glich, stets auf freiwilliger Basis. Diese Daten werden nicht an Dritte weitergegeben. Wir weisen darauf hin, dass die Daten\u00fcbertragung im Internet Sicherheitsl\u00fccken aufweisen kann. Ein l\u00fcckenloser Schutz der Daten vor dem Zugriff durch Dritte ist nicht m\u00f6glich. Sie k\u00f6nnen eine erteilte Einwilligung jederzeit widerrufen. Dazu reicht eine formlose Mitteilung per E-Mail.<\/p>\n\n\n\n<p><strong>Arten der verarbeiteten Daten:<\/strong><\/p>\n\n\n\n<p>&#8211; Bestandsdaten (z. B. Namen, Adressen)<br>&#8211; Kontaktdaten (z. B. E-Mail, Telefonnummern)<br>&#8211; Inhaltsdaten (z. B. Texteingaben)<br>&#8211; Nutzungsdaten (z. B. besuchte Webseiten, Zugriffszeiten)<br>&#8211; Meta-\/Kommunikationsdaten (z. B. Ger\u00e4te-Informationen, IP-Adressen)<\/p>\n\n\n\n<p><strong>Zweck der Verarbeitung<\/strong><\/p>\n\n\n\n<p>&#8211; Zurverf\u00fcgungstellung des Onlineangebotes, seiner Funktionen und Inhalte.<br>&#8211; Beantwortung von Kontaktanfragen und Kommunikation mit Nutzern<br>&#8211; Sicherheitsma\u00dfnahmen<\/p>\n\n\n\n<p><strong>Ma\u00dfgebliche Rechtsgrundlagen<\/strong><\/p>\n\n\n\n<p>Nach Ma\u00dfgabe des Art. 13 DSGVO  teilen wir Ihnen die Rechtsgrundlagen unserer Datenverarbeitungen mit.  Sofern die Rechtsgrundlage in der Datenschutzerkl\u00e4rung nicht genannt  wird, gilt Folgendes: Die Rechtsgrundlage f\u00fcr die Einholung von  Einwilligungen ist Art. 6 Abs. 1 lit. a und Art. 7 DSGVO, die  Rechtsgrundlage f\u00fcr die Verarbeitung zur Erf\u00fcllung unserer Leistungen  und Durchf\u00fchrung vertraglicher Ma\u00dfnahmen sowie Beantwortung von Anfragen  ist Art. 6 Abs. 1 lit. b DSGVO, die Rechtsgrundlage f\u00fcr die  Verarbeitung zur Erf\u00fcllung unserer rechtlichen Verpflichtungen ist Art. 6  Abs. 1 lit. c DSGVO, und die Rechtsgrundlage f\u00fcr die Verarbeitung zur  Wahrung unserer berechtigten Interessen ist Art. 6 Abs. 1 lit. f DSGVO.  F\u00fcr den Fall, dass lebenswichtige Interessen der betroffenen Person oder  einer anderen nat\u00fcrlichen Person eine Verarbeitung personenbezogener  Daten erforderlich machen, dient Art. 6 Abs. 1 lit. d DSGVO als  Rechtsgrundlage. <\/p>\n\n\n\n<p>Wir verarbeiten Bestandsdaten (z. B. Namen und Adressen sowie Kontaktdaten von Nutzern), Vertragsdaten (z. B. Namen von Kontaktpersonen) zwecks Erf\u00fcllung unserer vertraglichen Verpflichtungen und Serviceleistungen gem. Art. 6 Abs. 1 lit b. DSGVO. Die in Onlineformularen als verpflichtend gekennzeichneten Eingaben, sind f\u00fcr den Vertragsschluss erforderlich.<\/p>\n\n\n\n<p><strong>Kontaktaufnahme<\/strong><\/p>\n\n\n\n<p>Bei der Kontaktaufnahme mit uns (z. B. per Kontaktformular, E-Mail, Telefon oder via sozialer Medien) werden die Angaben des Nutzers zur Bearbeitung der Kontaktanfrage und deren Abwicklung gem. Art. 6 Abs. 1 lit. b) DSGVO verarbeitet. Die Angaben der Nutzer k\u00f6nnen in einer Anfragenorganisation gespeichert werden. Wir l\u00f6schen die Anfragen, sofern diese nicht mehr erforderlich sind. Wir \u00fcberpr\u00fcfen die Erforderlichkeit alle zwei Jahre.<\/p>\n\n\n\n<p><strong>Cookies<\/strong><\/p>\n\n\n\n<p>Die Internetseiten verwenden teilweise so genannte Cookies. Cookies richten auf Ihrem Rechner keinen Schaden an und enthalten keine Viren. Cookies dienen dazu, ein Angebot nutzerfreundlicher, effektiver und sicherer zu machen. Cookies sind kleine Textdateien, die auf Ihrem Rechner abgelegt werden und die Ihr Browser speichert.<\/p>\n\n\n\n<p>Der Provider der Seiten erhebt und speichert automatisch Informationen in so genannten Server-Log Files, die Ihr Browser automatisch \u00fcbermittelt. Diese Daten sind nicht bestimmten Personen zuordnenbar. Eine Zusammenf\u00fchrung dieser Daten mit anderen Datenquellen wird nicht vorgenommen.<\/p>\n\n\n\n<p><strong>Widerspruchsrecht<\/strong><\/p>\n\n\n\n<p>Sie k\u00f6nnen der k\u00fcnftigen Verarbeitung der  Sie betreffenden Daten nach Ma\u00dfgabe des Art. 21 DSGVO jederzeit  widersprechen. Der Widerspruch kann insbesondere gegen die Verarbeitung  f\u00fcr Zwecke der Direktwerbung erfolgen. <\/p>\n\n\n\n<p class=\"has-normal-font-size\"><strong>Einbindung von Diensten und Inhalten Dritter<\/strong><\/p>\n\n\n\n<p>Unsere Seite verwendet f\u00fcr die Einbindung von Videos den Anbieter\u00a0YouTube LLC ,\u00a0901 Cherry Avenue, San Bruno, CA 94066, USA,\u00a0vertreten durch Google Inc., 1600 Amphitheatre Parkway, Mountain View, CA 94043, USA. Wenn Sie ein\u00a0Video anklicken, wird Ihre\u00a0IP-Adresse an\u00a0YouTube \u00fcbermittelt und\u00a0YouTube erf\u00e4hrt, dass Sie das\u00a0Video angesehen haben. Sind Sie bei\u00a0YouTube eingeloggt, wird diese Information auch Ihrem Benutzerkonto zugeordnet (dies k\u00f6nnen Sie verhindern, indem Sie sich vor dem Aufrufen des Videos bei\u00a0YouTube ausloggen). Von der dann m\u00f6glichen Erhebung und Verwendung Ihrer Daten durch\u00a0YouTube haben wir keine Kenntnis und darauf auch keinen Einfluss. N\u00e4here Informationen k\u00f6nnen Sie der Datenschutzerkl\u00e4rung von\u00a0YouTube unter\u00a0<a rel=\"noreferrer noopener\" href=\"http:\/\/www.google.de\/intl\/de\/policies\/privacy\/\" target=\"_blank\">www.google.de\/intl\/de\/policies\/privacy\/<\/a>\u00a0entnehmen. <\/p>\n\n\n\n<p>Der Nutzung von im Rahmen der Impressumspflicht ver\u00f6ffentlichten Kontaktdaten zur \u00dcbersendung von nicht ausdr\u00fccklich angeforderter Werbung und Informationsmaterialien wird hiermit widersprochen. Wir behalten uns ausdr\u00fccklich rechtliche Schritte im Falle der unverlangten Zusendung von Werbeinformationen, etwa durch Spam-E-Mails, vor.<\/p>\n\n\n\n<p>Im Falle datenschutzrechtlicher Verst\u00f6\u00dfe steht dem Betroffenen ein Beschwerderecht bei der zust\u00e4ndigen Aufsichtsbeh\u00f6rde zu. Zust\u00e4ndige Aufsichtsbeh\u00f6rde in datenschutzrechtlichen Fragen ist der Landesdatenschutzbeauftragte von Schleswig-Holstein, dessen Kontaktdaten k\u00f6nnen folgendem Link entnommen werden: <a href=\"https:\/\/www.bfdi.bund.de\/DE\/Infothek\/Anschriften_Links\/anschriften_links-node.html\" target=\"_blank\" rel=\"noreferrer noopener\">https:\/\/www.bfdi.bund.de\/DE\/Infothek\/Anschriften_Links\/anschriften_links-node.html<\/a>.<\/p>\n","protected":false},"excerpt":{"rendered":"<p>Oppermann &amp; Bohde GbR L\u00f6jaer Berg 44 23715 Bosau Haftung f\u00fcr Inhalte Als Diensteanbieter sind wir gem\u00e4\u00df \u00a7 7 Abs. 1 TMG f\u00fcr eigene Inhalte auf diesen Seiten nach den allgemeinen Gesetzen verantwortlich. Nach \u00a7\u00a7 8 bis 10 TMG sind wir als Diensteanbieter jedoch nicht verpflichtet, \u00fcbermittelte oder gespeicherte fremde Informationen zu \u00fcberwachen oder nach &hellip; <\/p>\n<p class=\"link-more\"><a href=\"https:\/\/mythos-im-meer.de\/?page_id=18\" class=\"more-link\"><span class=\"screen-reader-text\">\u201eImpressum \/ Datenschutz\u201c<\/span> weiterlesen<\/a><\/p>\n","protected":false},"author":1,"featured_media":0,"parent":0,"menu_order":0,"comment_status":"closed","ping_status":"closed","template":"","meta":[],"_links":{"self":[{"href":"https:\/\/mythos-im-meer.de\/index.php?rest_route=\/wp\/v2\/pages\/18"}],"collection":[{"href":"https:\/\/mythos-im-meer.de\/index.php?rest_route=\/wp\/v2\/pages"}],"about":[{"href":"https:\/\/mythos-im-meer.de\/index.php?rest_route=\/wp\/v2\/types\/page"}],"author":[{"embeddable":true,"href":"https:\/\/mythos-im-meer.de\/index.php?rest_route=\/wp\/v2\/users\/1"}],"replies":[{"embeddable":true,"href":"https:\/\/mythos-im-meer.de\/index.php?rest_route=%2Fwp%2Fv2%2Fcomments&post=18"}],"version-history":[{"count":11,"href":"https:\/\/mythos-im-meer.de\/index.php?rest_route=\/wp\/v2\/pages\/18\/revisions"}],"predecessor-version":[{"id":251,"href":"https:\/\/mythos-im-meer.de\/index.php?rest_route=\/wp\/v2\/pages\/18\/revisions\/251"}],"wp:attachment":[{"href":"https:\/\/mythos-im-meer.de\/index.php?rest_route=%2Fwp%2Fv2%2Fmedia&parent=18"}],"curies":[{"name":"wp","href":"https:\/\/api.w.org\/{rel}","templated":true}]}}