{"id":102,"date":"2019-10-22T15:37:17","date_gmt":"2019-10-22T15:37:17","guid":{"rendered":"http:\/\/mythos-im-meer.de\/?page_id=102"},"modified":"2025-09-10T07:35:25","modified_gmt":"2025-09-10T07:35:25","slug":"dvd","status":"publish","type":"page","link":"https:\/\/mythos-im-meer.de\/?page_id=102","title":{"rendered":"DVD"},"content":{"rendered":"\n<p><strong>Bestellung<\/strong><\/p>\n\n\n\n<p>Der Film &#8222;Mythos im Meer&#8220; ist auf DVD erh\u00e4ltlich und kann hier bestellt werden (auf Rechnung). <strong>Eine DVD kostet inklusive Versand innerhalb Deutschlands und MwSt. (19 Prozent) 14,00 Euro. <\/strong>Bei einer Bestellung mehrerer Exemplare \u00e4ndern sich die Versandkosten entsprechend.<\/p>\n\n\n\n<p>F\u00fcr eine verbindliche <strong>Bestellung<\/strong> bitte die folgenden Felder <strong>vollst\u00e4ndig<\/strong> ausf\u00fcllen und darunter auf <strong>&#8222;Bestellung absenden&#8220;<\/strong> klicken.<\/p>\n\n\n\n<div role=\"form\" class=\"wpcf7\" id=\"wpcf7-f252-o1\" lang=\"de-DE\" dir=\"ltr\">\n<div class=\"screen-reader-response\" aria-live=\"polite\"><\/div>\n<form action=\"\/index.php?rest_route=%2Fwp%2Fv2%2Fpages%2F102#wpcf7-f252-o1\" method=\"post\" class=\"wpcf7-form\" novalidate=\"novalidate\">\n<div style=\"display: none;\">\n<input type=\"hidden\" name=\"_wpcf7\" value=\"252\" \/>\n<input type=\"hidden\" name=\"_wpcf7_version\" value=\"5.1.9\" \/>\n<input type=\"hidden\" name=\"_wpcf7_locale\" value=\"de_DE\" \/>\n<input type=\"hidden\" name=\"_wpcf7_unit_tag\" value=\"wpcf7-f252-o1\" \/>\n<input type=\"hidden\" name=\"_wpcf7_container_post\" value=\"0\" \/>\n<\/div>\n<p><label> Vor- und Nachname<br \/>\n    <span class=\"wpcf7-form-control-wrap your-vorname\"><input type=\"text\" name=\"your-vorname\" value=\"\" size=\"40\" class=\"wpcf7-form-control wpcf7-text wpcf7-validates-as-required\" aria-required=\"true\" aria-invalid=\"false\" \/><\/span> <\/label><\/p>\n<p><label> Stra\u00dfe und Hausnummer<br \/>\n    <span class=\"wpcf7-form-control-wrap your-adress\"><input type=\"text\" name=\"your-adress\" value=\"\" size=\"40\" class=\"wpcf7-form-control wpcf7-text wpcf7-validates-as-required\" aria-required=\"true\" aria-invalid=\"false\" \/><\/span> <\/label><\/p>\n<p><label> PLZ und Wohnort<br \/>\n    <span class=\"wpcf7-form-control-wrap your-town\"><input type=\"text\" name=\"your-town\" value=\"\" size=\"40\" class=\"wpcf7-form-control wpcf7-text wpcf7-validates-as-required\" aria-required=\"true\" aria-invalid=\"false\" \/><\/span> <\/label><\/p>\n<p><label> DVD-St\u00fcckzahl<br \/>\n    <span class=\"wpcf7-form-control-wrap your-DVD\"><input type=\"text\" name=\"your-DVD\" value=\"\" size=\"40\" class=\"wpcf7-form-control wpcf7-text wpcf7-validates-as-required\" aria-required=\"true\" aria-invalid=\"false\" \/><\/span> <\/label><\/p>\n<p><label> E-Mail-Adresse<br \/>\n    <span class=\"wpcf7-form-control-wrap your-email\"><input type=\"email\" name=\"your-email\" value=\"\" size=\"40\" class=\"wpcf7-form-control wpcf7-text wpcf7-email wpcf7-validates-as-required wpcf7-validates-as-email\" aria-required=\"true\" aria-invalid=\"false\" \/><\/span> <\/label><\/p>\n<p><label> ggf. Anmerkung, z. B. abweichende Lieferadresse<br \/>\n<span class=\"wpcf7-form-control-wrap Anmerkung\"><textarea name=\"Anmerkung\" cols=\"40\" rows=\"10\" class=\"wpcf7-form-control wpcf7-textarea\" aria-invalid=\"false\"><\/textarea><\/span><\/p>\n<p><input type=\"submit\" value=\"Bestellung absenden\" class=\"wpcf7-form-control wpcf7-submit\" \/><\/p>\n<div class=\"wpcf7-response-output wpcf7-display-none\" aria-hidden=\"true\"><\/div><\/form><\/div>\n\n\n\n<figure class=\"wp-block-image is-resized\"><img loading=\"lazy\" src=\"http:\/\/mythos-im-meer.de\/wp-content\/uploads\/2020\/03\/DVD1.jpg\" alt=\"Dieses Bild hat ein leeres Alt-Attribut. Der Dateiname ist DVD1.jpg\" width=\"501\" height=\"496\"\/><figcaption>\ufeff<\/figcaption><\/figure>\n\n\n\n<p><strong>Vertragsabschluss <\/strong><\/p>\n\n\n\n<p>Die Bestellung des Kunden bei&nbsp;Oppermann &amp; Bohde GbR (im Folgenden Sylt-Film genannt)&nbsp;stellt ein Angebot zum Abschluss eines Kaufvertrages dar. Ein Kaufvertrag kommt zustande, wenn&nbsp;Sylt-Film&nbsp;die bestellte Ware an den Kunden versendet.<\/p>\n\n\n\n<p>Sylt-Film schlie\u00dft Vertr\u00e4ge ausschlie\u00dflich mit Kunden ab,\ndie<\/p>\n\n\n\n<p>1. unbeschr\u00e4nkt gesch\u00e4ftsf\u00e4hige nat\u00fcrliche Personen sind,\ndie das 18. Lebensjahr vollendet haben<\/p>\n\n\n\n<p>sowie mit<\/p>\n\n\n\n<p>2. juristischen Personen.<\/p>\n\n\n\n<p>Hiervon unber\u00fchrt bleiben Gesch\u00e4fte nach \u00a7 110 BGB.<\/p>\n\n\n\n<p>Sylt-Film verkauft s\u00e4mtliche Produkte nur in\nhaushalts\u00fcblichen Mengen. Das bezieht sich zum einen auf die Anzahl der\nProdukte im Rahmen einer Bestellung als auch auf die Bestellung mehrerer\nProdukte derselben Art, bei denen die einzelnen Bestellungen eine\nhaushalts\u00fcbliche Menge umfassen.<\/p>\n\n\n\n<p><strong>R\u00fcckgabe und Widerrufsrecht<\/strong><\/p>\n\n\n\n<p>Dem Verbraucher steht ein Widerrufsrecht gem\u00e4\u00df \u00a7 355 zu. <strong>Das Widerrufsrecht besteht nicht, wenn die Versiegelung nach der Lieferung entfernt wurde.<\/strong><\/p>\n\n\n\n<p>Sie k\u00f6nnen diesen Vertrag innerhalb von 14 Tagen ohne Angabe von Gr\u00fcnden widerrufen. Die Frist beginnt nach an dem Sie die Waren in Besitz genommen haben. Um Ihr Widerrufsrecht auszu\u00fcben, m\u00fcssen uns mittels einer eindeutigen Erkl\u00e4rung (z.B. ein mit der Post versandter Brief oder E-Mail) \u00fcber Ihren Entschluss, diesen Vertrag zu widerrufen, informieren. Der Widerruf ist zu richten an:<\/p>\n\n\n\n<p>Oppermann &amp; Bohde GbR<\/p>\n\n\n\n<p>L\u00f6jaer Berg 44<\/p>\n\n\n\n<p>23715 Bosau<\/p>\n\n\n<p><!--EndFragment--><\/p>\n\n\n<p>oder per E-Mail an:  info@sylt-film.de<\/p>\n\n\n\n<p>Folgen des Widerrufs<\/p>\n\n\n\n<p>Wenn Sie diesen Vertrag widerrufen, haben wir Ihnen alle Zahlungen, die wir von Ihnen erhalten haben, einschlie\u00dflich der Lieferkosten (mit Ausnahme der zus\u00e4tzlichen Kosten, die sich daraus ergeben, dass Sie eine andere Art der Lieferung als die von uns angebotene, g\u00fcnstigste Standardlieferung gew\u00e4hlt haben), unverz\u00fcglich und sp\u00e4testens binnen vierzehn Tagen ab dem Tag zur\u00fcckzuzahlen, an dem die Mitteilung \u00fcber Ihren Widerruf dieses Vertrags bei uns eingegangen ist. In keinem Fall werden Ihnen wegen dieser R\u00fcckzahlung Entgelte berechnet. Sie haben die versiegelten Waren unverz\u00fcglich und in jedem Fall sp\u00e4testens binnen vierzehn Tagen ab dem Tag, an dem Sie uns \u00fcber den Widerruf dieses Vertrags unterrichten, an uns zur\u00fcckzusenden oder zu \u00fcbergeben.<\/p>\n\n\n\n<p><strong>Eigentumsvorbehalt <\/strong><\/p>\n\n\n\n<p>Die durch&nbsp;Sylt-Film&nbsp;gelieferte Ware bleibt bis zur vollst\u00e4ndigen Bezahlung im Eigentum von&nbsp;Sylt-Film.<\/p>\n\n\n\n<p><strong>Lieferung; Verf\u00fcgbarkeit bestellter Waren oder Dienstleistungen <\/strong><\/p>\n\n\n\n<p>Sofern nicht anders vereinbart, erfolgt die Lieferung der bestellten Waren ab dem Lager von&nbsp;Sylt-Film&nbsp;an die vom Kunden angegebene Lieferadresse. Sylt-Film macht keine verbindlichen bzw. garantierten Angaben zu Versand- oder Lieferterminen oder \u00fcber die Verf\u00fcgbarkeit von Leistungen.  Sofern&nbsp;Sylt-Film&nbsp;w\u00e4hrend der Bearbeitung einer Bestellung feststellt, dass&nbsp;Sylt-Film&nbsp;ohne eigenes Verschulden zur Lieferung der bestellten Ware nicht in der Lage ist, weil z.B. eine Zulieferer von&nbsp;Sylt-Film&nbsp;seinen vertraglichen Verpflichtungen nicht nachkommt, ist&nbsp;Sylt-Film&nbsp;dem Kunden gegen\u00fcber zum R\u00fccktritt vom Vertrag berechtigt. Der Kunde wird in diesem Fall unverz\u00fcglich per E-Mail dar\u00fcber informiert.<\/p>\n\n\n\n<p><strong>Preise &amp; Zahlungsbedingungen<\/strong> <\/p>\n\n\n\n<p>Die Preisangaben von Sylt-Film&nbsp;sind Bruttopreise inkl.\nder gesetzlich g\u00fcltigen Mehrwertsteuer.&nbsp;Sylt-Film&nbsp;ist stets zur\nBerechnung des aktuell g\u00fcltigen Mehrwertsteuersatz verpflichtet. Auf der bei\nLieferung der Ware beigef\u00fcgten Rechnung werden neben dem Nettopreis f\u00fcr die\nWare die Preise f\u00fcr erg\u00e4nzende Leistungen wie z.B. Versand, Verpackung,\nBearbeitungsgeb\u00fchr etc. sowie der jeweils zum Zeitpunkt der Rechnungsstellung\ng\u00fcltige Mehrwertsteuersatz ausgewiesen. Die Bezahlung bestellter Waren erfolgt\ngegen Rechnung. Der Rechnungsbetrag ist innerhalb von 10 Tagen nach Erhalt der Ware\nauf das in der Rechnung angegebene Konto zu \u00fcberweisen.<\/p>\n\n\n\n<p><strong>Gew\u00e4hrleistung <\/strong><\/p>\n\n\n\n<p>Sylt-Film gew\u00e4hrleistet,  dass bestellte Waren zum Zeitpunkt des Gefahren\u00fcbergangs gem\u00e4\u00df \u00a7\u00a7 434,  435 BGB frei von Sach- und Rechtsm\u00e4ngeln sind. Sollten  gelieferte Waren offensichtliche Material- und\/oder Herstellungsm\u00e4ngel  aufweisen, wozu ebenfalls Transportsch\u00e4den z\u00e4hlen, hat der Kunde das  Recht, diese gegen\u00fcber&nbsp;Sylt-Film&nbsp;zu reklamieren. Es gelten die gesetzlichen Vorschriften gem\u00e4\u00df \u00a7\u00a7 434ff,475 BGB. Im Falle des Mangels kann der Kunde gem\u00e4\u00df \u00a7 439 BGB die Lieferung einer mangelfreien Sache verlangen.&nbsp;Sylt-Film&nbsp;kann die vom Kunden gew\u00e4hlte Art  der Nacherf\u00fcllung unbeschadet des \u00a7 275 Abs. 2 und 3 BGB verweigern,  wenn sie nur mit unverh\u00e4ltnism\u00e4\u00dfigen Kosten m\u00f6glich ist.<\/p>\n\n\n\n<p><strong>Erhebung, Verarbeitung und Nutzung von pers\u00f6nlichen Kundeninformationen <\/strong><\/p>\n\n\n\n<p>Die  erhobenen Daten der Kunden werden von&nbsp;Sylt-Film&nbsp;f\u00fcr eine schnelle und  fehlerfreie Bearbeitung in der EDV gespeichert. Die Behandlung der  \u00fcberlassenen Daten erfolgt gem\u00e4\u00df den Bestimmungen des  Bundesdatenschutzgesetzes und des Teledienstdatengesetzes.&nbsp;Sylt-Film&nbsp;gibt  erhobene Daten nicht an Dritte weiter.<\/p>\n\n\n\n<p><strong>Rechtswahl <\/strong><\/p>\n\n\n\n<p>Im Rechtsverh\u00e4ltnis  zwischen&nbsp;Sylt-Film&nbsp;und dem Kunden findet das Recht der Bundesrepublik Deutschlands Anwendung. Sollten einzelne Bestimmungen  dieses Vertrages ganz oder teilweise nicht rechtswirksam sein oder die  Rechtswirksamkeit verlieren, so wird hierdurch die G\u00fcltigkeit des  Vertrages im \u00fcbrigen nicht ber\u00fchrt.<\/p>\n","protected":false},"excerpt":{"rendered":"<p>Bestellung Der Film &#8222;Mythos im Meer&#8220; ist auf DVD erh\u00e4ltlich und kann hier bestellt werden (auf Rechnung). Eine DVD kostet inklusive Versand innerhalb Deutschlands und MwSt. (19 Prozent) 14,00 Euro. Bei einer Bestellung mehrerer Exemplare \u00e4ndern sich die Versandkosten entsprechend. F\u00fcr eine verbindliche Bestellung bitte die folgenden Felder vollst\u00e4ndig ausf\u00fcllen und darunter auf &#8222;Bestellung absenden&#8220; &hellip; <\/p>\n<p class=\"link-more\"><a href=\"https:\/\/mythos-im-meer.de\/?page_id=102\" class=\"more-link\"><span class=\"screen-reader-text\">\u201eDVD\u201c<\/span> weiterlesen<\/a><\/p>\n","protected":false},"author":1,"featured_media":0,"parent":0,"menu_order":0,"comment_status":"closed","ping_status":"closed","template":"","meta":[],"_links":{"self":[{"href":"https:\/\/mythos-im-meer.de\/index.php?rest_route=\/wp\/v2\/pages\/102"}],"collection":[{"href":"https:\/\/mythos-im-meer.de\/index.php?rest_route=\/wp\/v2\/pages"}],"about":[{"href":"https:\/\/mythos-im-meer.de\/index.php?rest_route=\/wp\/v2\/types\/page"}],"author":[{"embeddable":true,"href":"https:\/\/mythos-im-meer.de\/index.php?rest_route=\/wp\/v2\/users\/1"}],"replies":[{"embeddable":true,"href":"https:\/\/mythos-im-meer.de\/index.php?rest_route=%2Fwp%2Fv2%2Fcomments&post=102"}],"version-history":[{"count":67,"href":"https:\/\/mythos-im-meer.de\/index.php?rest_route=\/wp\/v2\/pages\/102\/revisions"}],"predecessor-version":[{"id":681,"href":"https:\/\/mythos-im-meer.de\/index.php?rest_route=\/wp\/v2\/pages\/102\/revisions\/681"}],"wp:attachment":[{"href":"https:\/\/mythos-im-meer.de\/index.php?rest_route=%2Fwp%2Fv2%2Fmedia&parent=102"}],"curies":[{"name":"wp","href":"https:\/\/api.w.org\/{rel}","templated":true}]}}